{"id":2291,"date":"2022-01-03T19:45:44","date_gmt":"2022-01-03T18:45:44","guid":{"rendered":"https:\/\/almisum.hr\/posaljite-nekretninu\/"},"modified":"2022-02-06T09:27:16","modified_gmt":"2022-02-06T08:27:16","slug":"posaljite-nekretninu","status":"publish","type":"page","link":"https:\/\/almisum.hr\/hr\/posaljite-nekretninu\/","title":{"rendered":"Upi\u0161ite Nekretninu"},"content":{"rendered":"<p>Cijena godi\u0161nje predplate na ogla\u0161avanje (12 mjeseci od dana postavljanja oglasa )<\/p>\n<p><strong>125,00 Kuna sa PDV<\/strong><\/p>\n<p>Cijena\u00a0 \u00a0 \u00a0 \u00a0 100,00 kuna<\/p>\n<p>PDV.\u00a0 \u00a0 \u00a0 \u00a0 \u00a0 \u00a0 25,00 kuna<\/p>\n<p>&lt;form action=&#8221;https:\/\/www.mypos.eu\/vmp\/btn\/BJ4XETJJ4MW86&#8243; method=&#8221;post&#8221; target=&#8221;_blank&#8221;&gt; &lt;button type=&#8221;submit&#8221; value=&#8221;submit&#8221; style=&#8221;min-width: 140px; min-height: 40px; padding: 0 10px; border: none; outline: none; background-color: #1273eb; font-family: Arial, Helvetica, sans-serif; font-size: 14px; color: #ffffff; text-decoration: none; cursor: pointer; border-radius: 5px;&#8221;&gt; Plati &lt;\/button&gt; &lt;\/form&gt;<\/p>\n<p>[miniorange_social_login]<\/p>\n","protected":false},"excerpt":{"rendered":"<p>Cijena godi\u0161nje predplate na ogla\u0161avanje (12 mjeseci od dana postavljanja oglasa ) 125,00 Kuna sa PDV Cijena\u00a0 \u00a0 \u00a0 \u00a0 ..<\/p>\n","protected":false},"author":1,"featured_media":0,"parent":0,"menu_order":0,"comment_status":"closed","ping_status":"closed","template":"template-property-submit.php","meta":{"_acf_changed":false,"footnotes":""},"class_list":["post-2291","page","type-page","status-publish","hentry"],"acf":[],"_links":{"self":[{"href":"https:\/\/almisum.hr\/hr\/wp-json\/wp\/v2\/pages\/2291","targetHints":{"allow":["GET"]}}],"collection":[{"href":"https:\/\/almisum.hr\/hr\/wp-json\/wp\/v2\/pages"}],"about":[{"href":"https:\/\/almisum.hr\/hr\/wp-json\/wp\/v2\/types\/page"}],"author":[{"embeddable":true,"href":"https:\/\/almisum.hr\/hr\/wp-json\/wp\/v2\/users\/1"}],"replies":[{"embeddable":true,"href":"https:\/\/almisum.hr\/hr\/wp-json\/wp\/v2\/comments?post=2291"}],"version-history":[{"count":5,"href":"https:\/\/almisum.hr\/hr\/wp-json\/wp\/v2\/pages\/2291\/revisions"}],"predecessor-version":[{"id":3387,"href":"https:\/\/almisum.hr\/hr\/wp-json\/wp\/v2\/pages\/2291\/revisions\/3387"}],"wp:attachment":[{"href":"https:\/\/almisum.hr\/hr\/wp-json\/wp\/v2\/media?parent=2291"}],"curies":[{"name":"wp","href":"https:\/\/api.w.org\/{rel}","templated":true}]}}