{"id":2702,"date":"2022-01-06T21:26:19","date_gmt":"2022-01-06T20:26:19","guid":{"rendered":"https:\/\/almisum.hr\/privacy-policy\/"},"modified":"2022-02-04T10:51:07","modified_gmt":"2022-02-04T09:51:07","slug":"privacy-policy","status":"publish","type":"page","link":"https:\/\/almisum.hr\/hr\/privacy-policy\/","title":{"rendered":"Politika Privatnosti"},"content":{"rendered":"<h1>Politika privatnosti<\/h1>\n<p data-children-count=\"0\"><b><strong>VODITELJ OBRADE<\/strong><\/b><\/p>\n<p data-children-count=\"0\">Almisum Konzlating j.d.o.o., Stjepana Radi\u0107a 79, Cavtat OIB 38044762457<\/p>\n<p data-children-count=\"0\"><b><strong>Almisum Konzalting<\/strong><\/b> posve\u0107uje veliku va\u017enost za\u0161titi osobnih podataka, a Politika privatnosti (u daljnjem tekstu Politika) ure\u0111uje postupanje s tvojim podacima prilikom kori\u0161tenja Internetskog portala Almisum.hr\u00a0 i mojih usluga.<\/p>\n<p data-children-count=\"0\">Sve \u0161to treba\u0161 znati, jasno i transparentno:<\/p>\n<p data-children-count=\"0\"><b><strong>KOJE PODATKE PRIKUPLJAM I KAKO?<\/strong><\/b><\/p>\n<p data-children-count=\"0\">Tvoja privatnost mi je va\u017ena, pa prikupljam samo podatke potrebne za:<\/p>\n<ul data-children-count=\"0\">\n<li>pru\u017eanje usluge i podr\u0161ke,<\/li>\n<li>pobolj\u0161anje tvog korisni\u010dkog iskustva,<\/li>\n<li>unaprje\u0111enje usluge i informiranje o novim uslugama koje smo razvili za tebe,<\/li>\n<li>udovoljavanje zakonskih propisa.<\/li>\n<\/ul>\n<p data-children-count=\"0\">Daje\u0161 mi podatke upisivanjem u forme kod kori\u0161tenja usluga, automatski ih prikupljam kad koristi\u0161 almisum.hr ili dobijem iz vanjskih izvora kad koristi\u0161 uslugu vanjskog partnera na almisum.hr (npr. potvrda o uplati i sl.).<\/p>\n<p data-children-count=\"0\">Prikupljam podatke koje upisuje\u0161 prilikom:<\/p>\n<ul data-children-count=\"0\">\n<li>registracije, ogla\u0161avanja, ispunjavanja anketa, upitnika i ostalih\u00a0<em>online<\/em>\u00a0obrazaca,<\/li>\n<li>komunikacije s drugim korisnicima kroz poruke,<\/li>\n<li>pru\u017eanja podr\u0161ke, savjeta ili odgovora na prigovore,<\/li>\n<li>pla\u0107anja usluga ili povrata upla\u0107enih sredstava,<\/li>\n<li>drugih aktivnosti na almisum.hr.<\/li>\n<\/ul>\n<p data-children-count=\"0\">Pri tome prikupljam ime i prezime, adresu, podatke za kontakt, tvoj osobni identifikacijski broj, fotografiju koji koristi\u0161 za sliku profila i ostale podatke koje upisuje\u0161.<\/p>\n<p data-children-count=\"0\">Automatski mogu prikupiti i podatke koji su dostupni prilikom pristupa i kori\u0161tenja almisum.hr :<\/p>\n<ul data-children-count=\"0\">\n<li>geolokaciju samo ako si omogu\u0107io kori\u0161tenje,<\/li>\n<li>informacije o ure\u0111aju koji koristi\u0161 (model, identifikator ure\u0111aja, mobilna mre\u017ea i sli\u010dno),<\/li>\n<li>zapise o kori\u0161tenju usluga koji mogu sadr\u017eavati\u00a0<em>IP<\/em> adrese, vrijeme i trajanje pristupa, vrstu preglednika, na\u010din pristupa almisum.hr stranicama, pregledane stranice ili kori\u0161tene funkcionalnosti u mobilnoj aplikaciji, gre\u0161ke tijekom kori\u0161tenja i sli\u010dno,<\/li>\n<li>sadr\u017eaj, vrijeme i trajanje telefonskog razgovora s almisum.hr i telefonski broj s kojeg zove\u0161,<\/li>\n<li>koje usluge koristi\u0161, kada i na koji na\u010din.<\/li>\n<\/ul>\n<p data-children-count=\"0\">Iz ostalih izvora:<\/p>\n<ul>\n<li data-children-count=\"0\">od drugih korisnika (npr. komentari, ocjene, prijave zloupotreba, adresa kupca za dostavu i sli\u010dno),<\/li>\n<li data-children-count=\"0\">vanjskih partnera u opsegu pru\u017eene usluge (npr. kod SMS uplate broj s kojeg je napravljena uplata i sli\u010dno),<\/li>\n<li data-children-count=\"0\">dru\u0161tvenih mre\u017ea ako si povezao almisum.hr ra\u010dun s ra\u010dunom dru\u0161tvene mre\u017ee (npr. ime korisni\u010dkog profila, broj telefona, adresu e-po\u0161te i ostale podatke za koje mi da\u0161 dozvolu).<\/li>\n<\/ul>\n<p data-children-count=\"0\">Zatra\u017eit \u0107u od tebe posebno dopu\u0161tenje:<\/p>\n<ul data-children-count=\"0\">\n<li>za prikupljanje i obradu posebnih kategorija osobnih podataka, poput spolne orijentacije, zdravstvenog stanja, vjerskih opredjeljenja i sli\u010dno.<\/li>\n<li>Almisum.hr usluge nisu ti namijenjene ako ima\u0161 manje od 16 godina. Za podatke koje prikupljam ili obra\u0111ujem ne mogu znati odnose li se na djecu, ako utvrdimo da obra\u0111ujemo takve podatke, zatvorit \u0107emo korisni\u010dki ra\u010dun i pokrenuti brisanje podataka. U slu\u010daju da nam se obrati skrbnik osobe \u010dije podatke obra\u0111ujemo i skrbnik se mo\u017ee identificirati odnosno ima pristup osobnim podacima kroz Moj ra\u010dun,\u00a0 podatke mo\u017eemo izmijeniti na njegov pisani zahtjev. Savjetujem svim roditeljima i skrbnicima da djecu podu\u010de o tome kako sigurno i odgovorno postupati s osobnim podacima na internetu.<\/li>\n<\/ul>\n<p data-children-count=\"0\"><b><strong>KAKO KORISTIM TVOJE PODATKE?<\/strong><\/b><\/p>\n<p data-children-count=\"0\">Prikupljene podatke, kao i podatke koje saznam kroz pru\u017eanje usluga, obra\u0111ujem samo u svrhu:<\/p>\n<ul data-children-count=\"0\">\n<li>za koju su isti dani,<\/li>\n<li>za koju si dao suglasnost,<\/li>\n<li>utemeljenu na pravnoj osnovi: mjerodavnim zakonskim propisom, legitimnim interesom ili Uvjetima kori\u0161tenja.<\/li>\n<\/ul>\n<p data-children-count=\"0\">Ima\u0161 pravo:<\/p>\n<ul data-children-count=\"0\">\n<li>znati koje tvoje osobne podatke imam i obra\u0111ujem,<\/li>\n<li>zatra\u017eiti ispravak,<\/li>\n<li>prenijeti svoje podatke i sadr\u017eaje,<\/li>\n<li>odustati u bilo kojem trenutku od danih suglasnosti, djelomi\u010dno ili u cijelosti.<\/li>\n<\/ul>\n<p data-children-count=\"0\">Ako ima\u0161 primjedbu vezano uz svoja prava, mo\u017ee\u0161 podnijeti pritu\u017ebu nadle\u017enoj\u00a0<a href=\"https:\/\/azop.hr\/\">Agenciji za za\u0161titu osobnih podataka.<\/a><\/p>\n<p data-children-count=\"0\">Mogu koristiti tvoje osobne podatke kako bih:<\/p>\n<ul data-children-count=\"0\">\n<li>ti pru\u017eio informacije i pomo\u0107,<\/li>\n<li>ti omogu\u0107io i olak\u0161ao kori\u0161tenje almisum.hr usluga i internetskog portala almisum.hr,<\/li>\n<li>prilagodio sadr\u017eaj tvojim interesima,<\/li>\n<li>proveo ankete i prilagodio se tvojim potrebama,<\/li>\n<li>obavijestio te o novim uslugama i a\u017euriranjima usluga,<\/li>\n<li>pru\u017eio informacije o doga\u0111ajima i posebnim ponudama almisum.hr,<\/li>\n<li>sprije\u010dio prijevare ili druge zabranjene ili nezakonite aktivnosti,<\/li>\n<li>za\u0161titio sigurnost i integritet almisum.hr i tvojih podataka,<\/li>\n<li>napravio poslovne i statisti\u010dke analize,<\/li>\n<li>prema njima razvijao nove usluge i proizvode,<\/li>\n<li>ispunio zakonske obaveze.<\/li>\n<\/ul>\n<p data-children-count=\"0\">Ne prodajem, ne iznajmljujem niti posu\u0111ujem popis korisnika ili osobne podatke korisnika tre\u0107im stranama.<\/p>\n<p data-children-count=\"0\">Podatke koje sam anonimizirao ili agregirao, na na\u010din da te vi\u0161e ne mogu prepoznati kao odre\u0111enu fizi\u010dku osobu ne smatram osobnim podacima.<\/p>\n<p data-children-count=\"0\">Ako zatvorim tvoj korisni\u010dki ra\u010dun u skladu s Uvjetima kori\u0161tenja usluga, primjerice iz razloga kr\u0161enja Uvjeta kori\u0161tenja ili nisi potvrdio da \u017eeli\u0161 koristiti almisum.hr usluge nakon 3 godine neaktivnosti, pokrenuti \u0107emo brisanje tvojih podataka i podatke \u0107emo \u010duvati koliko smo obavezni, a u skladu s rokovima koji su navedeni u poglavlju pravo na brisanje i ograni\u010denje obrade.<\/p>\n<p data-children-count=\"0\"><b><strong>KAKO \u0160TITIM TVOJE PODATKE?<\/strong><\/b><\/p>\n<p data-children-count=\"0\">U potpunosti sam predan za\u0161titi podataka od neovla\u0161tenog pristupa, odavanja ili brisanja, neovisno o mjestu pohrane ili obrade, ili formatu u kojem se nalaze.<\/p>\n<p data-children-count=\"0\">Sura\u0111ujem s pouzdanim i stru\u010dnim partnerima koji su obavezni koristiti visoke standarde za\u0161tite.<\/p>\n<p data-children-count=\"0\">Primjenjujem prepoznate standarde informacijske sigurnosti:<\/p>\n<ul data-children-count=\"0\">\n<li>provodim tehni\u010dke i organizacijske mjere za\u0161tite temeljene na procjeni rizika,<\/li>\n<li>provjeravam prikupljanje informacija, pohranjivanje i na\u010dine obrade,<\/li>\n<li>gdje je to mogu\u0107e, podatke pseudonimiziram i anonimiziram,<\/li>\n<li>testiram organizacijske i tehni\u010dke mjere za\u0161tite,<\/li>\n<li>poduzimam mjere koje mogu identificirati i \/ili sprije\u010diti neovla\u0161teno prikupljanje i zloupotrebu osobnih podataka te umanjiti potencijalnu \u0161tetu.<\/li>\n<\/ul>\n<p data-children-count=\"0\">Poduzimam mjere kojima ti \u017eelim osigurati cjelovitost podataka i dostupnost sustava za obradu pri \u010demu u obzir uzimam najnovija tehnolo\u0161ka dostignu\u0107a, a podatke pohranjujem u visoko raspolo\u017eivim podatkovnim centrima.<\/p>\n<p data-children-count=\"0\">Svjestan sam da ne postoji potpuno siguran sustav i da je sigurnost potrebno neprestano unapre\u0111ivati.<\/p>\n<p data-children-count=\"0\">Ti i svi drugi korisnici almisum.hr moj ste partner u sigurnosti. Redovno a\u017euriraj svoje podatke i time mi omogu\u0107i da ti \u0161aljem preporuke kako da za\u0161titi\u0161 svoje podatke od zloupotrebe.<\/p>\n<p data-children-count=\"0\"><b><strong>S KIM DIJELIM TVOJE PODATKE?<\/strong><\/b><\/p>\n<p data-children-count=\"0\">Samo s partnerima koji su u ugovornom odnosu i samo podatke neophodne za pru\u017eanje odre\u0111enih usluga. Sve osobe koje imaju pristup va\u0161im podacima i moji partneri imaju obavezu \u010duvanja povjerljivosti u okviru ugovorenog odnosa, kao i provo\u0111enja organizacijskih i tehni\u010dkih mjera za\u0161tite.<\/p>\n<p data-children-count=\"0\">S korisnicima interneta i almisum.hr , a mo\u017ee\u0161 sam odabrati koje osobne podatke \u017eeli\u0161 javno objaviti na almisum.hr ili razmijeniti s drugim korisnicima prilikom kori\u0161tenja almisum.hr usluga.<\/p>\n<p data-children-count=\"0\">Tre\u0107e strane obra\u0111ivat \u0107e tvoje podatke samo:<\/p>\n<ul data-children-count=\"0\">\n<li>u svrhu pru\u017eanja almisum.hr usluga kao \u0161to su: usluge pla\u0107anja, analize podataka, isporuke elektroni\u010dke ili zemaljske po\u0161te, usluga korisni\u010dke podr\u0161ke, provjere ispravnosti podataka i sli\u010dno;<\/li>\n<li>u svrhu pru\u017eanja usluga almisum.hr kao \u0161to su: <em>hosting<\/em>, IT usluge, ra\u010dunovodstvene usluge i usluge odvjetnika, revizora i drugih savjetnika.<\/li>\n<\/ul>\n<p data-children-count=\"0\">Ako su propisani zakonom u svrhu:<\/p>\n<ul data-children-count=\"0\">\n<li>ispunjenja mjerodavnog zakona, podzakonskog akta ili drugog propisa,<\/li>\n<li>otkrivanja, spre\u010davanja ili rje\u0161avanja prijevara i sigurnosnih ili tehni\u010dkih pote\u0161ko\u0107a koje se odnose na almisum.hr ili osobne podatke korisnika.<\/li>\n<\/ul>\n<p data-children-count=\"0\">Kada koristi\u0161 almisum.hr poruke ili ti \u0161aljem e-mail poruke iz aplikacije koristim pru\u017eatelja usluge Gmail.com sa sjedi\u0161tem u SAD, prenosim samo podatke koji su nu\u017eni za ovu svrhu: e-mail adresu i sadr\u017eaj poruke.<\/p>\n<p data-children-count=\"0\">Pru\u017eatelji usluga i tre\u0107e osobe obra\u0111ivat \u0107e osobne podatke temeljem uputa almisum.hr i u skladu s ovom Politikom i drugim mjerodavnim propisima (Op\u0107e uredbe o za\u0161titi podataka (EU) 2016\/679, Zakonu o provedbi op\u0107e uredbe o za\u0161titi podataka i drugim primjenjivim zakonima ovisno o obradi).<\/p>\n<p data-children-count=\"0\">Za vi\u0161e informacija o prijenosu podataka tre\u0107im stranama po\u0161alji upit elektroni\u010dkom po\u0161tom na info@almisum.hr.<\/p>\n<p data-children-count=\"0\"><b><strong>KOJE KOLA\u010cI\u0106E I ALATE KORISTIM?<\/strong><\/b><\/p>\n<p data-children-count=\"0\">Koristim alate pomo\u0107u kojih analiziram kori\u0161tenje almisum.hr i prikupljam informacije o tvojim navikama i aktivnostima \u010dime bolje prepoznajem tvoje potrebe u svrhu pobolj\u0161anja kvalitete ponude.<\/p>\n<p data-children-count=\"0\">Koristim svoje kola\u010di\u0107e kao i kola\u010di\u0107e svojih partnera kako bih prepoznao tvoje ra\u010dunalo te pru\u017eio ti bolju uslugu.<\/p>\n<p data-children-count=\"0\">Prikupljeni podaci ne povezuju se s tvojim osobnim podacima na almisum.hr.<\/p>\n<p data-children-count=\"0\">Navedeni alati mogu prikupljati i pohranjivati tehni\u010dke podatke kao \u0161to su kola\u010di\u0107i,\u00a0<em>IP<\/em>\u00a0adresa korisnika i\/ili posjetitelja, identifikator mobilnog ure\u0111aja, podatke o pregledniku i sli\u010dno, ali pritom ne identificiraju osobu.<\/p>\n<p data-children-count=\"0\">Putem odgovaraju\u0107ih postavki na svom ra\u010dunalu, pregledniku ili mobilnom ure\u0111aju mo\u017ee\u0161 odbiti ili izbrisati kola\u010di\u0107e i nastaviti koristiti almisum.hr, u tom slu\u010daju neke funkcije almisum.hr ne\u0107e ti biti u potpunosti dostupne.<\/p>\n<p data-children-count=\"0\">Kola\u010di\u0107i koje upotrebljavamo : Google Tag Manager; Google Fonts; Google Analytics, GRAPHINIUM; Query Click; Google Optimize ; Google Optimize 360.<\/p>\n<p data-children-count=\"0\"><b><strong>KAKO \u0106E\u0160 OSTVARITI SVOJA PRAVA?<\/strong><\/b><\/p>\n<p data-children-count=\"0\">Osim \u0161to ima\u0161 pravo na prigovor i pritu\u017ebu ako se ne sla\u017ee\u0161 sa obradom podataka, mo\u017ee\u0161 nam uputiti i zahtjev za brisanje,\u00a0ispravak podataka, ograni\u010denje obrade, prijenos podataka i uvid u svoje podatke,<\/p>\n<p data-children-count=\"0\">Zahtjev mogu odbiti ako ne mogu potvrditi tvoj identitet kao vlasnika osobnih podataka ili ako postoje druga zakonska ograni\u010denja. U slu\u010daju da te ne mo\u017eemo identificirati putem prikupljenih podataka zatra\u017eiti \u0107emo djelomi\u010dnu presliku osobnog dokumenta putem kojeg te mo\u017eemo identificirati.<\/p>\n<p data-children-count=\"0\">Ako almisum.hr koristi\u0161 u ime druge osobe ili kompanije, ne\u0107emo te mo\u0107i identificirati, pa svoj zahtjev mo\u017ee\u0161 ostvariti isklju\u010divo uz odobrenje te osobe ili kompanije.<\/p>\n<p data-children-count=\"0\"><b><strong>PRAVO NA BRISANJE I OGRANI\u010cENJE OBRADE<\/strong><\/b><\/p>\n<p data-children-count=\"0\">U svakom trenutku mo\u017ee\u0161 podnijeti zahtjev za brisanjem osobnih podataka koji su prikupljeni u okviru kori\u0161tenja almisum.hr usluga ili ograni\u010diti svrhu kori\u0161tenja svojih podataka djelomi\u010dno ili u cijelosti.<\/p>\n<p data-children-count=\"0\">Brisanje osobnih podataka mo\u017ee\u0161 zatra\u017eiti pisanim putem na moju adresu, usmeno ili slanjem elektroni\u010dke po\u0161te na adresu info@almisum.hr.<\/p>\n<p data-children-count=\"0\">Ako ima\u0161 korisni\u010dki ra\u010dun na almisum.hr zahtjev za zatvaranje ra\u010duna i brisanje podataka mo\u017ee\u0161 pokrenuti kroz su\u010delje Moje nekretnine.<\/p>\n<p data-children-count=\"0\">Po zaprimljenom zahtjevu za brisanje, potvrdit \u0107u da sam primio zahtjev i pokrenuti proceduru zatvaranja korisni\u010dkog ra\u010duna i brisanja podataka. Neovla\u0161ten poku\u0161aj zatvaranja ra\u010duna i brisanja podataka mo\u017ee\u0161 zaustaviti u roku od 24 sata od kada si primio obavijest, nakon tog razdoblja ograni\u010dit \u0107u obradu tvojih podatka i pokrenuti postupak brisanja.<\/p>\n<p data-children-count=\"0\">Tvoje podatke \u0107u \u010duvati ovisno o svrsi i sukladno mjerodavnim propisima ili legitimnim interesima koji proizlaze ili su vezani uz kori\u0161tenje almisum.hr i po isteku definiranog roka obrisati.<\/p>\n<p data-children-count=\"0\">Na primjer, zapise vezane za financijske transakcije ili ra\u010dune du\u017ean sam \u010duvati u skladu sa zakonski definiranim rokom, ostale kategorije podataka \u010duvati \u0107u do roka koji sam odredio za sprje\u010davanje prijevara, odgovore na prigovore ili druge legitimne svrhe (2 godine).Ako se rok brisanja produ\u017ei zbog tehni\u010dkih ili drugih opravdanih razloga, obavijestit \u0107u te u pisanom obliku.<\/p>\n<p data-children-count=\"0\">U svakom trenutku mo\u017ee\u0161 ograni\u010diti kori\u0161tenje adrese elektroni\u010dke po\u0161te za slanje almisum.hr obavijesti i promotivnih poruka.<\/p>\n<p data-children-count=\"0\">Svoje podatke i postavke mo\u017ee\u0161 izmijeniti u su\u010delju Moje nekretnine ili se jednostavno odjaviti s liste za primanje promotivnih ponuda putem poveznice koja se nalazi u elektroni\u010dkoj po\u0161ti.<\/p>\n<p data-children-count=\"0\"><b><strong>PRAVO NA PRENOSIVOST PODATAKA<\/strong><\/b><\/p>\n<p data-children-count=\"0\">Kao vlasnik ili vlasnica aktivnog korisni\u010dkog ra\u010duna mo\u017ee\u0161 u svakom trenutku podnijeti zahtjev za preno\u0161enje svojih podataka i sadr\u017eaja kod drugog pru\u017eatelja usluge.<\/p>\n<p data-children-count=\"0\">Svoje podatke mo\u017ee\u0161 preuzeti s\u00e2m putem korisni\u010dkog su\u010delja za registrirane korisnike Moje nekretnine.<\/p>\n<p data-children-count=\"0\">Podaci koje mo\u017ee\u0161 preuzeti u digitalnom obliku su:<\/p>\n<ul data-children-count=\"0\">\n<li>tvoji kontaktni podaci<\/li>\n<li>tvoji oglasi dostupni putem su\u010delja Moje nekretnine<\/li>\n<\/ul>\n<p data-children-count=\"0\">\u0160titim privatnost svojih korisnika i ne dopu\u0161tam preuzimanje sadr\u017eaja kojim bi se povrijedila tvoja prava ili prava drugih korisnika.<\/p>\n<p data-children-count=\"0\">Zbog tehni\u010dkih ograni\u010denja ne mogu ti omogu\u0107iti automatiziran prijenos podataka drugom pru\u017eatelju usluge.<\/p>\n<p data-children-count=\"0\"><b><strong>PRAVO NA INFORMACIJU (PRISTUP PODACIMA)<\/strong><\/b><\/p>\n<p data-children-count=\"0\">Ti si vlasnik svojih podataka i ima\u0161 pravo na informaciju koje podatke \u010duvam ili obra\u0111ujem te\u00a0mo\u017ee\u0161 poslati zahtjev za dodatne informacije.<\/p>\n<p data-children-count=\"0\">Svoje podatke mo\u017ee\u0161 vidjeti u su\u010delju za registrirane korisnike Moje nekretnine.<\/p>\n<p data-children-count=\"0\">Ako \u017eeli\u0161 vi\u0161e informacija ili nisi registrirani korisnik almisum.hr po\u0161alji mi zahtjev pisanim putem na moju adresu ili slanjem elektroni\u010dke po\u0161te na adresu info@almisum.hr.<\/p>\n<p data-children-count=\"0\"><b><strong>PRAVO NA ISPRAVAK PODATAKA<\/strong><\/b><\/p>\n<p data-children-count=\"0\">Va\u017eno je da ima\u0161 to\u010dne podatke, povremeno ih provjeri.<\/p>\n<p data-children-count=\"0\">Kako bih ti pomogao mogu provesti provjeru ispravnosti podataka u tehni\u010dki i zakonski dopu\u0161tenom opsegu, kao \u0161to je verifikacija broja telefona, adrese elektroni\u010dke po\u0161te i ostalih podataka. Slati \u0107u ti podsjetnike o va\u017enosti kori\u0161tenja ispravnih podataka, molim te da svoje podatke ispravi\u0161 kroz su\u010delje Moje Nekretnine<\/p>\n<p data-children-count=\"0\">Ispravak podataka koje koristim za osnovnu identifikaciju (adresa elektroni\u010dke po\u0161te) mo\u017ee\u0161 ostvariti slanjem pismenog zahtjeva s adrese elektroni\u010dke po\u0161te prijavljene u tvom korisni\u010dkom ra\u010dunu na info@almisum.hr<\/p>\n<p data-children-count=\"0\"><b><strong>VEZE S DRUGIM STRANICAMA<\/strong><\/b><\/p>\n<p data-children-count=\"0\">Na almisum.hr mo\u017ee\u0161 na\u0107i poveznice koje \u0107e te odvesti na stranice drugih davatelja usluga na koje se ne odnosi moja Politika privatnosti.<\/p>\n<p data-children-count=\"0\">Ako si napustio almisum.hr stranice slijede\u0107i poveznicu, molim te da se upozna\u0161 s njihovim pravilima privatnosti i na koji na\u010din \u0161tite tvoje osobne podatke.<\/p>\n<p data-children-count=\"0\">\u00a0<b><strong>OBAVIJEST O PROMJENAMA I KONTAKTI<\/strong><\/b><\/p>\n<p data-children-count=\"0\">Povremeno mogu izmijeniti ova pravila, a promjene Politike objavit \u0107u uz ovu Politiku privatnosti na almisum.hr stranici. U slu\u010daju zna\u010dajnih promjena obavijestit \u0107u te o promjenama i putem elektroni\u010dke po\u0161te ili na neki drugi prikladan na\u010din.<\/p>\n<p data-children-count=\"0\">Registracijom ili nastavkom kori\u0161tenja almisum.hr nakon promjene Politike potvrdio si da si upoznat s va\u017ee\u0107im pravilima i da pristaje\u0161 na obradu podataka u navedene svrhe.<\/p>\n","protected":false},"excerpt":{"rendered":"<p>Politika privatnosti VODITELJ OBRADE Almisum Konzlating j.d.o.o., Stjepana Radi\u0107a 79, Cavtat OIB 38044762457 Almisum Konzalting posve\u0107uje veliku va\u017enost za\u0161titi osobnih ..<\/p>\n","protected":false},"author":1,"featured_media":0,"parent":0,"menu_order":0,"comment_status":"closed","ping_status":"closed","template":"","meta":{"_acf_changed":false,"footnotes":""},"class_list":["post-2702","page","type-page","status-publish","hentry"],"acf":[],"_links":{"self":[{"href":"https:\/\/almisum.hr\/hr\/wp-json\/wp\/v2\/pages\/2702","targetHints":{"allow":["GET"]}}],"collection":[{"href":"https:\/\/almisum.hr\/hr\/wp-json\/wp\/v2\/pages"}],"about":[{"href":"https:\/\/almisum.hr\/hr\/wp-json\/wp\/v2\/types\/page"}],"author":[{"embeddable":true,"href":"https:\/\/almisum.hr\/hr\/wp-json\/wp\/v2\/users\/1"}],"replies":[{"embeddable":true,"href":"https:\/\/almisum.hr\/hr\/wp-json\/wp\/v2\/comments?post=2702"}],"version-history":[{"count":5,"href":"https:\/\/almisum.hr\/hr\/wp-json\/wp\/v2\/pages\/2702\/revisions"}],"predecessor-version":[{"id":3383,"href":"https:\/\/almisum.hr\/hr\/wp-json\/wp\/v2\/pages\/2702\/revisions\/3383"}],"wp:attachment":[{"href":"https:\/\/almisum.hr\/hr\/wp-json\/wp\/v2\/media?parent=2702"}],"curies":[{"name":"wp","href":"https:\/\/api.w.org\/{rel}","templated":true}]}}